{"id":8,"date":"2024-07-27T09:09:15","date_gmt":"2024-07-27T09:09:15","guid":{"rendered":"https:\/\/eljagerritsen.nl\/?page_id=8"},"modified":"2026-03-11T18:35:57","modified_gmt":"2026-03-11T18:35:57","slug":"homepagina","status":"publish","type":"page","link":"https:\/\/eljagerritsen.nl\/","title":{"rendered":"Supervisie en leertherapie"},"content":{"rendered":"\n<div class=\"wp-block-columns is-layout-flex wp-container-core-columns-is-layout-28f84493 wp-block-columns-is-layout-flex\">\n<div class=\"wp-block-column is-layout-flow wp-block-column-is-layout-flow\" style=\"flex-basis:100%\">\n<figure class=\"wp-block-gallery has-nested-images columns-default is-cropped wp-block-gallery-1 is-layout-flex wp-block-gallery-is-layout-flex\">\n<figure class=\"wp-block-image size-large\"><a href=\"https:\/\/eljagerritsen.nl\/\"><img loading=\"lazy\" decoding=\"async\" width=\"500\" height=\"191\" data-id=\"66\" src=\"https:\/\/eljagerritsen.nl\/wp-content\/uploads\/2024\/08\/eindlogo-gesneden.png\" alt=\"supervisie leertherapie malden Nijmegen\" class=\"wp-image-66\" srcset=\"https:\/\/eljagerritsen.nl\/wp-content\/uploads\/2024\/08\/eindlogo-gesneden.png 500w, https:\/\/eljagerritsen.nl\/wp-content\/uploads\/2024\/08\/eindlogo-gesneden-300x115.png 300w\" sizes=\"auto, (max-width: 500px) 100vw, 500px\" \/><\/a><\/figure>\n<\/figure>\n<\/div>\n<\/div>\n\n\n\n<div class=\"wp-block-group alignfull has-global-padding is-layout-constrained wp-container-core-group-is-layout-490fa1db wp-block-group-is-layout-constrained\" style=\"padding-top:var(--wp--preset--spacing--50);padding-right:var(--wp--preset--spacing--50);padding-bottom:var(--wp--preset--spacing--50);padding-left:var(--wp--preset--spacing--50)\">\n<div class=\"wp-block-group has-global-padding is-layout-constrained wp-container-core-group-is-layout-650790e1 wp-block-group-is-layout-constrained\">\n<div style=\"height:0rem\" aria-hidden=\"true\" class=\"wp-block-spacer\"><\/div>\n\n\n\n<h1 class=\"wp-block-heading has-text-align-center has-text-color has-link-color has-large-font-size wp-elements-6164886382cb759f42814624700e6d99\" style=\"color:#2e4d1f\">Supervisie &amp; Leertherapie in Malden <\/h1>\n\n\n\n<p class=\"has-text-align-center has-text-color has-link-color wp-elements-7a5fe3855f4e5a0382b4b9b6faa1fd71\" style=\"color:#4c733a\">(bij Nijmegen)<\/p>\n\n\n\n<hr class=\"wp-block-separator has-alpha-channel-opacity\" style=\"margin-top:var(--wp--preset--spacing--10);margin-bottom:var(--wp--preset--spacing--10)\"\/>\n\n\n\n<p class=\"has-text-align-center has-text-color has-link-color wp-elements-6f1d892674d7514984c3abebd8f0b162\" style=\"color:#59896c\">Voor psychologen en psychiaters, in het kader van opleiding of naar aanleiding van vragen in de werksituatie.<\/p>\n\n\n\n<div style=\"height:14px\" aria-hidden=\"true\" class=\"wp-block-spacer\"><\/div>\n<\/div>\n\n\n\n<div style=\"height:16px\" aria-hidden=\"true\" class=\"wp-block-spacer\"><\/div>\n\n\n\n<figure class=\"wp-block-image aligncenter size-large is-resized is-style-rounded is-style-rounded--2\"><img loading=\"lazy\" decoding=\"async\" width=\"1008\" height=\"1024\" src=\"https:\/\/eljagerritsen.nl\/wp-content\/uploads\/2025\/02\/Elja-close-1008x1024.jpg\" alt=\"supervisie leertherapie malden Nijmegen\" class=\"wp-image-116\" style=\"width:262px;height:auto\"\/><\/figure>\n<\/div>\n\n\n\n<div class=\"wp-block-group alignfull has-base-2-background-color has-background has-global-padding is-layout-constrained wp-container-core-group-is-layout-669513ed wp-block-group-is-layout-constrained\" style=\"margin-top:0;margin-bottom:0;padding-top:var(--wp--preset--spacing--50);padding-right:var(--wp--preset--spacing--50);padding-bottom:var(--wp--preset--spacing--50);padding-left:var(--wp--preset--spacing--50)\">\n<div class=\"wp-block-group is-vertical is-content-justification-center is-layout-flex wp-container-core-group-is-layout-52b864f0 wp-block-group-is-layout-flex\">\n<h2 class=\"wp-block-heading has-text-align-center is-style-asterisk\">Ruimte<\/h2>\n\n\n\n<div style=\"height:0px\" aria-hidden=\"true\" class=\"wp-block-spacer wp-container-content-4f2ccadb\"><\/div>\n\n\n\n<p class=\"has-text-align-center\">Om nieuwe wegen in te slaan, helpt een veilige leeromgeving. Ik bied je die veilige ruimte om te leren; om je persoonlijk te ontwikkelen, zodat je in de professionele omgeving nieuwe interventies kunt toepassen en verdieping kunt bereiken. Ook persoonlijke belemmeringen in het werk kunnen we onderzoeken, zodat je je nog verder kunt ontwikkelen en je er niet langer in vast loopt. <\/p>\n\n\n\n<p class=\"has-text-align-center\">De afspraken vinden plaats in een rustige ruimte met voldoende privacy. Je kunt voor de deur de auto parkeren, maar er loopt ook een fietspad langs het huis. Het is 11 minuten lopen naar de halte van bus 83.<\/p>\n<\/div>\n\n\n\n<div class=\"wp-block-group is-vertical is-content-justification-center is-layout-flex wp-container-core-group-is-layout-52b864f0 wp-block-group-is-layout-flex\">\n<h2 class=\"wp-block-heading has-text-align-center is-style-asterisk\">Supervisie<\/h2>\n\n\n\n<div style=\"height:0px\" aria-hidden=\"true\" class=\"wp-block-spacer wp-container-content-4f2ccadb\"><\/div>\n\n\n\n<p class=\"has-text-align-center\">Ik bied persoonsgerichte of procesgerichte supervisie aan GZ-psychologen en klinisch psychologen\/psychotherapeuten.<\/p>\n\n\n\n<p class=\"has-text-align-center\">De supervisie (onder supervisie) is geaccrediteerd voor de opleiding tot klinisch psycholoog\/psychotherapeut (NVP, VPEP). Supervisie is gericht op doelen in het werk die in het eerste gesprek zijn afgesproken of waar je gaandeweg tegenaan loopt. <\/p>\n\n\n\n<p class=\"has-text-align-center\">Daarbij kun je denken aan de benadering van cli\u00ebnten op een empathische, transparante manier, zonder oordelen en met open en ge\u00efnteresseerde blik. Het is een kunst om echt te luisteren, ondanks de drukke agenda, alle kennis in je hoofd en je eigen zorgen. Daarnaast is de afstemming passend bij de behandelfase en bij de cli\u00ebnten essentieel. Dat betekent onder andere dat je kunt vari\u00ebren in afstand\/nabijheid, woordgebruik en interventies . <\/p>\n\n\n\n<p class=\"has-text-align-center\">Supervisie kan ook gericht zijn op specifieke interventies of thema&#8217;s, zoals het verdiepen van emoties, focusing, omgaan met existenti\u00eble thema&#8217;s, fragiele processen en procesdiagnose rondom emoties. Onderzoeken wat vertraging en stiltes kunnen betekenen, kan daarbij helpend zijn. <\/p>\n\n\n\n<p class=\"has-text-align-center\">Om deze doelen te gebruiken worden voornamelijk opnames en oefeningen gebruikt.<\/p>\n\n\n\n<div style=\"height:48px\" aria-hidden=\"true\" class=\"wp-block-spacer wp-container-content-eb1ede72\"><\/div>\n<\/div>\n\n\n\n<figure class=\"wp-block-image aligncenter size-large is-resized is-style-rounded is-style-rounded--3\"><img loading=\"lazy\" decoding=\"async\" width=\"1024\" height=\"498\" src=\"https:\/\/eljagerritsen.nl\/wp-content\/uploads\/2025\/02\/stoelen-1024x498.jpg\" alt=\"\" class=\"wp-image-111\" style=\"width:332px;height:auto\"\/><\/figure>\n\n\n\n<div class=\"wp-block-group is-vertical is-content-justification-center is-layout-flex wp-container-core-group-is-layout-52b864f0 wp-block-group-is-layout-flex\">\n<h2 class=\"wp-block-heading has-text-align-center is-style-asterisk\">Leertherapie<\/h2>\n\n\n\n<div style=\"height:0px\" aria-hidden=\"true\" class=\"wp-block-spacer wp-container-content-4f2ccadb\"><\/div>\n\n\n\n<p class=\"has-text-align-center\">Behalve supervisie bied ik ook leertherapie aan GZ-psychologen, psychotherapeuten, klinisch psychologen en psychiaters (in opleiding).<\/p>\n\n\n\n<p class=\"has-text-align-center\">De leertherapie geven we gezamenlijk vorm aan de hand van persoonlijke doelen die het professioneel functioneren kunnen verbeteren, belemmeringen verminderen en het plezier in het werk vergroten. Het (h)erkennen van en omgaan met eigen valkuilen en emoties helpt daarbij. Hierdoor kun je voor meer (verschillende) cli\u00ebnten iets betekenen en blijf je gezond in je werk. De leertherapie is persoonsgericht. Er kunnen zowel elementen van schematherapie als van emotional focused therapy (individuals) worden gebruikt. Het werken met emoties en experi\u00ebntiele technieken is altijd een onderdeel van de leertherapie. De leertherapie wordt erkend door de VPEP. Mogelijk komt er in 2027 weer plek.<\/p>\n\n\n\n<p><\/p>\n<\/div>\n\n\n\n<div class=\"wp-block-group is-vertical is-content-justification-center is-layout-flex wp-container-core-group-is-layout-52b864f0 wp-block-group-is-layout-flex\">\n<h2 class=\"wp-block-heading has-text-align-center is-style-asterisk\">Over mij<\/h2>\n\n\n\n<div style=\"height:0px\" aria-hidden=\"true\" class=\"wp-block-spacer wp-container-content-4f2ccadb\"><\/div>\n\n\n\n<p class=\"has-text-align-center\">Mijn werkervaring is breed, mijn instelling pragmatisch en mijn benadering gericht op verbinding en emoties.<\/p>\n\n\n\n<p class=\"has-text-align-center\">In mijn carri\u00e8re heb ik gewerkt als gz-psycholoog en psychotherapeut bij justitie, in de sociale psychiatrie, in de verslavingszorg, op een eetstoornisafdeling en momenteel in een kleine groepspraktijk. De werkzaamheden waren zowel in een groep, in deeltijdbehandeling, klinisch en individueel. De verbinding met collega&#8217;s is voor mijn professionele ontwikkeling altijd belangrijk geweest, zowel op de werkvloer, in intervisie en in supervisie. Dat komt terug in de supervisie en leertherapie die ik aanbied in mijn praktijk in Malden (bij Nijmegen). Vanaf 2027 zal de supervisie en leertherapie in Kerkenbos, Nijmegen, plaatsvinden.<\/p>\n\n\n\n<p class=\"has-text-align-center\">Cli\u00ebnten zie ik nu in de praktijk <a href=\"https:\/\/pptherapie.nl\/\">Peters Psychotherapie<\/a> en vanaf 2027 in Psychotherapiepraktijk Salus. Momenteel concentreer ik me daarbij op individuele schematherapie en persoonsgerichte experi\u00ebnti\u00eble therapie (EFT-i; Emotion Focused Therapy for individuals) bij cli\u00ebnten met meerdere diagnoses en\/of terugkerende problematiek in de S-GGZ.<\/p>\n\n\n\n<p class=\"has-text-align-center\">Naast mijn werkzaamheden en gezin, sport ik graag, schilder een beetje en ben ik regelmatig bij vrienden te vinden.<\/p>\n<\/div>\n\n\n\n<p>Ik ben lid van VPEP (EFT-i (B)), VST (senior), supervisor NVP en gevisiteerd door LVVP (2024). <\/p>\n\n\n\n<div style=\"height:55px\" aria-hidden=\"true\" class=\"wp-block-spacer\"><\/div>\n\n\n\n<figure class=\"wp-block-image aligncenter size-large is-resized is-style-rounded is-style-rounded--4\"><img loading=\"lazy\" decoding=\"async\" width=\"1024\" height=\"460\" src=\"https:\/\/eljagerritsen.nl\/wp-content\/uploads\/2025\/02\/Elja-in-stoel-uitgezoomd-2-1024x460.jpg\" alt=\"\" class=\"wp-image-115\" style=\"width:366px;height:auto\"\/><\/figure>\n\n\n\n<div style=\"height:46px\" aria-hidden=\"true\" class=\"wp-block-spacer\"><\/div>\n\n\n\n<div class=\"wp-block-group is-vertical is-content-justification-center is-layout-flex wp-container-core-group-is-layout-52b864f0 wp-block-group-is-layout-flex\">\n<h2 class=\"wp-block-heading has-text-align-center is-style-asterisk\">Praktisch<\/h2>\n\n\n\n<div style=\"height:0px\" aria-hidden=\"true\" class=\"wp-block-spacer wp-container-content-4f2ccadb\"><\/div>\n\n\n\n<p>Werktijden; in overleg. Vanaf 2027 op ma, di, do tussen 8.30 en 17.30 uur.<\/p>\n\n\n\n<p class=\"has-text-align-center\">Tarieven; 110 euro per sessie (45 minuten)<\/p>\n\n\n\n<p>Parkeren kan voor de deur.<\/p>\n\n\n\n<p class=\"has-text-align-center\">KVK; 94539863<\/p>\n\n\n\n<p>BTW-nummer; NL005094183B58<\/p>\n\n\n\n<p>Adres; <a href=\"https:\/\/maps.app.goo.gl\/udTuboSaf7ZmRuCx5\">Het Halster 40, Malden<\/a> Vanaf 2027 Kerkenbos 1002, Nijmegen.<\/p>\n\n\n\n<p>Telefoon; <a href=\"tel:0618404871\">06-18404871<\/a><\/p>\n\n\n\n<p><a href=\"mailto:info@eljagerritsen.nl\">info@eljagerritsen.nl<\/a> of e.gerritsen@ppsalus.nl.<\/p>\n\n\n\n<p>Ik ben bereikbaar van maandag tot en met vrijdag en probeer binnen twee werkdagen te reageren.<\/p>\n\n\n\n<p>Supervisieverslagen kunnen via Zivver worden verstuurd. Alleen gegevens die noodzakelijk zijn voor de administratie worden bewaard (privacyreglement wordt binnenkort toegevoegd).<\/p>\n\n\n\n<p>Als er klachten zijn, hoop ik dat je die zo snel mogelijk uitspreekt, zodat we gezamenlijk de mogelijkheden voor herstel kunnen oppakken. Uiteraard kun je ook terecht bij de praktijkopleider, als de klachten blijven ondanks ons gesprek hierover. Voor klachten over leertherapie kun je ook terecht bij de klachtenregeling van de LVVP (https:\/\/lvvp.info\/voor-clienten\/wat-als-ik-ontevreden-ben-de-behandeling\/klachtenregeling-volwassenen\/).<\/p>\n\n\n\n<div style=\"margin-top:0;margin-bottom:0;height:0px\" aria-hidden=\"true\" class=\"wp-block-spacer wp-container-content-9d1f8957\"><\/div>\n<\/div>\n\n\n\n<figure class=\"wp-block-image aligncenter size-full is-resized\"><img loading=\"lazy\" decoding=\"async\" width=\"250\" height=\"96\" src=\"https:\/\/eljagerritsen.nl\/wp-content\/uploads\/2025\/02\/eindlogo-gesneden-50.png\" alt=\"\" class=\"wp-image-119\" style=\"width:333px;height:auto\"\/><\/figure>\n\n\n\n<p class=\"has-text-align-center\"><\/p>\n<\/div>\n\n\n\n<p><\/p>\n\n\n<ul class=\"wp-block-page-list\"><li class=\"wp-block-pages-list__item\"><a class=\"wp-block-pages-list__item__link\" href=\"https:\/\/eljagerritsen.nl\/?page_id=139\">Privacy<\/a><\/li><li class=\"wp-block-pages-list__item menu-item-home\"><a class=\"wp-block-pages-list__item__link\" href=\"https:\/\/eljagerritsen.nl\/\">Supervisie en leertherapie<\/a><\/li><\/ul>","protected":false},"excerpt":{"rendered":"<p>Supervisie &amp; Leertherapie in Malden (bij Nijmegen) Voor psychologen en psychiaters, in het kader van opleiding of naar aanleiding van vragen in de werksituatie. Ruimte Om nieuwe wegen in te slaan, helpt een veilige leeromgeving. Ik bied je die veilige ruimte om te leren; om je persoonlijk te ontwikkelen, zodat je in de professionele omgeving [&hellip;]<\/p>\n","protected":false},"author":1,"featured_media":0,"parent":0,"menu_order":0,"comment_status":"closed","ping_status":"closed","template":"","meta":{"footnotes":""},"class_list":["post-8","page","type-page","status-publish","hentry"],"yoast_head":"<!-- This site is optimized with the Yoast SEO plugin v25.7 - https:\/\/yoast.com\/wordpress\/plugins\/seo\/ -->\n<title>Supervisie &amp; leertherapie - Malden, regio Nijmegen - Elja Gerritsen<\/title>\n<meta name=\"description\" content=\"Supervisie en leertherapie voor gz-psychologen, klinisch psychologen en psychotherapeuten door Elja Gerritsen Malden, regio Nijmegen\" \/>\n<meta name=\"robots\" content=\"index, follow, max-snippet:-1, max-image-preview:large, max-video-preview:-1\" \/>\n<link rel=\"canonical\" href=\"https:\/\/eljagerritsen.nl\/\" \/>\n<meta property=\"og:locale\" content=\"nl_NL\" \/>\n<meta property=\"og:type\" content=\"article\" \/>\n<meta property=\"og:title\" content=\"Supervisie &amp; leertherapie - Malden, regio Nijmegen - Elja Gerritsen\" \/>\n<meta property=\"og:description\" content=\"Supervisie en leertherapie voor gz-psychologen, klinisch psychologen en psychotherapeuten door Elja Gerritsen Malden, regio Nijmegen\" \/>\n<meta property=\"og:url\" content=\"https:\/\/eljagerritsen.nl\/\" \/>\n<meta property=\"og:site_name\" content=\"Elja Gerritsen\" \/>\n<meta property=\"article:modified_time\" content=\"2026-03-11T18:35:57+00:00\" \/>\n<meta property=\"og:image\" content=\"https:\/\/eljagerritsen.nl\/wp-content\/uploads\/2024\/08\/eindlogo-gesneden.png\" \/>\n\t<meta property=\"og:image:width\" content=\"500\" \/>\n\t<meta property=\"og:image:height\" content=\"191\" \/>\n\t<meta property=\"og:image:type\" content=\"image\/png\" \/>\n<meta name=\"twitter:card\" content=\"summary_large_image\" \/>\n<meta name=\"twitter:label1\" content=\"Geschatte leestijd\" \/>\n\t<meta name=\"twitter:data1\" content=\"5 minuten\" \/>\n<script type=\"application\/ld+json\" class=\"yoast-schema-graph\">{\"@context\":\"https:\/\/schema.org\",\"@graph\":[{\"@type\":\"WebPage\",\"@id\":\"https:\/\/eljagerritsen.nl\/\",\"url\":\"https:\/\/eljagerritsen.nl\/\",\"name\":\"Supervisie & leertherapie - Malden, regio Nijmegen - Elja Gerritsen\",\"isPartOf\":{\"@id\":\"https:\/\/eljagerritsen.nl\/#website\"},\"primaryImageOfPage\":{\"@id\":\"https:\/\/eljagerritsen.nl\/#primaryimage\"},\"image\":{\"@id\":\"https:\/\/eljagerritsen.nl\/#primaryimage\"},\"thumbnailUrl\":\"https:\/\/eljagerritsen.nl\/wp-content\/uploads\/2024\/08\/eindlogo-gesneden.png\",\"datePublished\":\"2024-07-27T09:09:15+00:00\",\"dateModified\":\"2026-03-11T18:35:57+00:00\",\"description\":\"Supervisie en leertherapie voor gz-psychologen, klinisch psychologen en psychotherapeuten door Elja Gerritsen Malden, regio Nijmegen\",\"breadcrumb\":{\"@id\":\"https:\/\/eljagerritsen.nl\/#breadcrumb\"},\"inLanguage\":\"nl-NL\",\"potentialAction\":[{\"@type\":\"ReadAction\",\"target\":[\"https:\/\/eljagerritsen.nl\/\"]}]},{\"@type\":\"ImageObject\",\"inLanguage\":\"nl-NL\",\"@id\":\"https:\/\/eljagerritsen.nl\/#primaryimage\",\"url\":\"https:\/\/eljagerritsen.nl\/wp-content\/uploads\/2024\/08\/eindlogo-gesneden.png\",\"contentUrl\":\"https:\/\/eljagerritsen.nl\/wp-content\/uploads\/2024\/08\/eindlogo-gesneden.png\",\"width\":500,\"height\":191,\"caption\":\"supervisie leertherapie malden Nijmegen\"},{\"@type\":\"BreadcrumbList\",\"@id\":\"https:\/\/eljagerritsen.nl\/#breadcrumb\",\"itemListElement\":[{\"@type\":\"ListItem\",\"position\":1,\"name\":\"Home\",\"item\":\"https:\/\/eljagerritsen.nl\/\"},{\"@type\":\"ListItem\",\"position\":2,\"name\":\"Supervisie en leertherapie\"}]},{\"@type\":\"WebSite\",\"@id\":\"https:\/\/eljagerritsen.nl\/#website\",\"url\":\"https:\/\/eljagerritsen.nl\/\",\"name\":\"psychotherapie Elja Gerritsen\",\"description\":\"Supervisie Leertherapie Malden Nijmegen\",\"publisher\":{\"@id\":\"https:\/\/eljagerritsen.nl\/#organization\"},\"potentialAction\":[{\"@type\":\"SearchAction\",\"target\":{\"@type\":\"EntryPoint\",\"urlTemplate\":\"https:\/\/eljagerritsen.nl\/?s={search_term_string}\"},\"query-input\":{\"@type\":\"PropertyValueSpecification\",\"valueRequired\":true,\"valueName\":\"search_term_string\"}}],\"inLanguage\":\"nl-NL\"},{\"@type\":\"Organization\",\"@id\":\"https:\/\/eljagerritsen.nl\/#organization\",\"name\":\"Psychotherapie Elja Gerritsen\",\"alternateName\":\"supervisie leertherapie\",\"url\":\"https:\/\/eljagerritsen.nl\/\",\"logo\":{\"@type\":\"ImageObject\",\"inLanguage\":\"nl-NL\",\"@id\":\"https:\/\/eljagerritsen.nl\/#\/schema\/logo\/image\/\",\"url\":\"https:\/\/eljagerritsen.nl\/wp-content\/uploads\/2024\/07\/logo-canva-3b.png\",\"contentUrl\":\"https:\/\/eljagerritsen.nl\/wp-content\/uploads\/2024\/07\/logo-canva-3b.png\",\"width\":500,\"height\":500,\"caption\":\"Psychotherapie Elja Gerritsen\"},\"image\":{\"@id\":\"https:\/\/eljagerritsen.nl\/#\/schema\/logo\/image\/\"},\"sameAs\":[\"https:\/\/linkedin.com\/yoast\"]}]}<\/script>\n<!-- \/ Yoast SEO plugin. -->","yoast_head_json":{"title":"Supervisie & leertherapie - Malden, regio Nijmegen - Elja Gerritsen","description":"Supervisie en leertherapie voor gz-psychologen, klinisch psychologen en psychotherapeuten door Elja Gerritsen Malden, regio Nijmegen","robots":{"index":"index","follow":"follow","max-snippet":"max-snippet:-1","max-image-preview":"max-image-preview:large","max-video-preview":"max-video-preview:-1"},"canonical":"https:\/\/eljagerritsen.nl\/","og_locale":"nl_NL","og_type":"article","og_title":"Supervisie & leertherapie - Malden, regio Nijmegen - Elja Gerritsen","og_description":"Supervisie en leertherapie voor gz-psychologen, klinisch psychologen en psychotherapeuten door Elja Gerritsen Malden, regio Nijmegen","og_url":"https:\/\/eljagerritsen.nl\/","og_site_name":"Elja Gerritsen","article_modified_time":"2026-03-11T18:35:57+00:00","og_image":[{"width":500,"height":191,"url":"https:\/\/eljagerritsen.nl\/wp-content\/uploads\/2024\/08\/eindlogo-gesneden.png","type":"image\/png"}],"twitter_card":"summary_large_image","twitter_misc":{"Geschatte leestijd":"5 minuten"},"schema":{"@context":"https:\/\/schema.org","@graph":[{"@type":"WebPage","@id":"https:\/\/eljagerritsen.nl\/","url":"https:\/\/eljagerritsen.nl\/","name":"Supervisie & leertherapie - Malden, regio Nijmegen - Elja Gerritsen","isPartOf":{"@id":"https:\/\/eljagerritsen.nl\/#website"},"primaryImageOfPage":{"@id":"https:\/\/eljagerritsen.nl\/#primaryimage"},"image":{"@id":"https:\/\/eljagerritsen.nl\/#primaryimage"},"thumbnailUrl":"https:\/\/eljagerritsen.nl\/wp-content\/uploads\/2024\/08\/eindlogo-gesneden.png","datePublished":"2024-07-27T09:09:15+00:00","dateModified":"2026-03-11T18:35:57+00:00","description":"Supervisie en leertherapie voor gz-psychologen, klinisch psychologen en psychotherapeuten door Elja Gerritsen Malden, regio Nijmegen","breadcrumb":{"@id":"https:\/\/eljagerritsen.nl\/#breadcrumb"},"inLanguage":"nl-NL","potentialAction":[{"@type":"ReadAction","target":["https:\/\/eljagerritsen.nl\/"]}]},{"@type":"ImageObject","inLanguage":"nl-NL","@id":"https:\/\/eljagerritsen.nl\/#primaryimage","url":"https:\/\/eljagerritsen.nl\/wp-content\/uploads\/2024\/08\/eindlogo-gesneden.png","contentUrl":"https:\/\/eljagerritsen.nl\/wp-content\/uploads\/2024\/08\/eindlogo-gesneden.png","width":500,"height":191,"caption":"supervisie leertherapie malden Nijmegen"},{"@type":"BreadcrumbList","@id":"https:\/\/eljagerritsen.nl\/#breadcrumb","itemListElement":[{"@type":"ListItem","position":1,"name":"Home","item":"https:\/\/eljagerritsen.nl\/"},{"@type":"ListItem","position":2,"name":"Supervisie en leertherapie"}]},{"@type":"WebSite","@id":"https:\/\/eljagerritsen.nl\/#website","url":"https:\/\/eljagerritsen.nl\/","name":"psychotherapie Elja Gerritsen","description":"Supervisie Leertherapie Malden Nijmegen","publisher":{"@id":"https:\/\/eljagerritsen.nl\/#organization"},"potentialAction":[{"@type":"SearchAction","target":{"@type":"EntryPoint","urlTemplate":"https:\/\/eljagerritsen.nl\/?s={search_term_string}"},"query-input":{"@type":"PropertyValueSpecification","valueRequired":true,"valueName":"search_term_string"}}],"inLanguage":"nl-NL"},{"@type":"Organization","@id":"https:\/\/eljagerritsen.nl\/#organization","name":"Psychotherapie Elja Gerritsen","alternateName":"supervisie leertherapie","url":"https:\/\/eljagerritsen.nl\/","logo":{"@type":"ImageObject","inLanguage":"nl-NL","@id":"https:\/\/eljagerritsen.nl\/#\/schema\/logo\/image\/","url":"https:\/\/eljagerritsen.nl\/wp-content\/uploads\/2024\/07\/logo-canva-3b.png","contentUrl":"https:\/\/eljagerritsen.nl\/wp-content\/uploads\/2024\/07\/logo-canva-3b.png","width":500,"height":500,"caption":"Psychotherapie Elja Gerritsen"},"image":{"@id":"https:\/\/eljagerritsen.nl\/#\/schema\/logo\/image\/"},"sameAs":["https:\/\/linkedin.com\/yoast"]}]}},"_links":{"self":[{"href":"https:\/\/eljagerritsen.nl\/index.php?rest_route=\/wp\/v2\/pages\/8","targetHints":{"allow":["GET"]}}],"collection":[{"href":"https:\/\/eljagerritsen.nl\/index.php?rest_route=\/wp\/v2\/pages"}],"about":[{"href":"https:\/\/eljagerritsen.nl\/index.php?rest_route=\/wp\/v2\/types\/page"}],"author":[{"embeddable":true,"href":"https:\/\/eljagerritsen.nl\/index.php?rest_route=\/wp\/v2\/users\/1"}],"replies":[{"embeddable":true,"href":"https:\/\/eljagerritsen.nl\/index.php?rest_route=%2Fwp%2Fv2%2Fcomments&post=8"}],"version-history":[{"count":57,"href":"https:\/\/eljagerritsen.nl\/index.php?rest_route=\/wp\/v2\/pages\/8\/revisions"}],"predecessor-version":[{"id":159,"href":"https:\/\/eljagerritsen.nl\/index.php?rest_route=\/wp\/v2\/pages\/8\/revisions\/159"}],"wp:attachment":[{"href":"https:\/\/eljagerritsen.nl\/index.php?rest_route=%2Fwp%2Fv2%2Fmedia&parent=8"}],"curies":[{"name":"wp","href":"https:\/\/api.w.org\/{rel}","templated":true}]}}